{"id":1389,"date":"2022-10-03T14:50:50","date_gmt":"2022-10-03T12:50:50","guid":{"rendered":"https:\/\/divadufestival.com\/?page_id=1389"},"modified":"2022-10-21T14:42:43","modified_gmt":"2022-10-21T12:42:43","slug":"politique-de-confidentialite","status":"publish","type":"page","link":"https:\/\/divadufestival.com\/en\/politique-de-confidentialite\/","title":{"rendered":"Politique de confidentialit\u00e9"},"content":{"rendered":"<div data-elementor-type=\"wp-page\" data-elementor-id=\"1389\" class=\"elementor elementor-1389\">\n\t\t\t\t\t\t\t\t\t<section class=\"elementor-section elementor-top-section elementor-element elementor-element-c7f8916 elementor-section-boxed elementor-section-height-default elementor-section-height-default\" data-id=\"c7f8916\" data-element_type=\"section\">\n\t\t\t\t\t\t<div class=\"elementor-container elementor-column-gap-default\">\n\t\t\t\t\t<div class=\"elementor-column elementor-col-100 elementor-top-column elementor-element elementor-element-d8ec55d\" data-id=\"d8ec55d\" data-element_type=\"column\">\n\t\t\t<div class=\"elementor-widget-wrap elementor-element-populated\">\n\t\t\t\t\t\t\t\t<div class=\"elementor-element elementor-element-5eb3594 elementor-widget elementor-widget-heading\" data-id=\"5eb3594\" data-element_type=\"widget\" data-widget_type=\"heading.default\">\n\t\t\t\t<div class=\"elementor-widget-container\">\n\t\t\t<style>\/*! elementor - v3.7.8 - 02-10-2022 *\/\n.elementor-heading-title{padding:0;margin:0;line-height:1}.elementor-widget-heading .elementor-heading-title[class*=elementor-size-]>a{color:inherit;font-size:inherit;line-height:inherit}.elementor-widget-heading .elementor-heading-title.elementor-size-small{font-size:15px}.elementor-widget-heading .elementor-heading-title.elementor-size-medium{font-size:19px}.elementor-widget-heading .elementor-heading-title.elementor-size-large{font-size:29px}.elementor-widget-heading .elementor-heading-title.elementor-size-xl{font-size:39px}.elementor-widget-heading .elementor-heading-title.elementor-size-xxl{font-size:59px}<\/style><h2 class=\"elementor-heading-title elementor-size-default\">Politique De Confidentialit\u00e9<\/h2>\t\t<\/div>\n\t\t\t\t<\/div>\n\t\t\t\t<div class=\"elementor-element elementor-element-0ecac02 elementor-widget elementor-widget-text-editor\" data-id=\"0ecac02\" data-element_type=\"widget\" data-widget_type=\"text-editor.default\">\n\t\t\t\t<div class=\"elementor-widget-container\">\n\t\t\t<style>\/*! elementor - v3.7.8 - 02-10-2022 *\/\n.elementor-widget-text-editor.elementor-drop-cap-view-stacked .elementor-drop-cap{background-color:#818a91;color:#fff}.elementor-widget-text-editor.elementor-drop-cap-view-framed .elementor-drop-cap{color:#818a91;border:3px solid;background-color:transparent}.elementor-widget-text-editor:not(.elementor-drop-cap-view-default) .elementor-drop-cap{margin-top:8px}.elementor-widget-text-editor:not(.elementor-drop-cap-view-default) .elementor-drop-cap-letter{width:1em;height:1em}.elementor-widget-text-editor .elementor-drop-cap{float:left;text-align:center;line-height:1;font-size:50px}.elementor-widget-text-editor .elementor-drop-cap-letter{display:inline-block}<\/style>\t\t\t\t<div class=\"elementor-element elementor-element-28cfdb5 elementor-widget elementor-widget-heading animated fadeIn\" data-id=\"28cfdb5\" data-element_type=\"widget\" data-settings=\"{&quot;_animation&quot;:&quot;fadeIn&quot;}\" data-widget_type=\"heading.default\"><div class=\"elementor-widget-container\">\u00a0<\/div><\/div><div class=\"elementor-element elementor-element-f33eb6e elementor-widget elementor-widget-text-editor animated fadeIn\" data-id=\"f33eb6e\" data-element_type=\"widget\" data-settings=\"{&quot;_animation&quot;:&quot;fadeIn&quot;,&quot;_animation_delay&quot;:&quot;200&quot;}\" data-widget_type=\"text-editor.default\"><div class=\"elementor-widget-container\"><p>L\u2019adresse de notre site web est : https:\/\/divadufestival.com.<\/p><p>Utilisation des donn\u00e9es personnelles collect\u00e9es<\/p><p><b>Commentaires<\/b><br \/>Lorsque vous laissez un commentaire sur notre site web, les donn\u00e9es inscrites dans le formulaire de commentaire, mais aussi votre adresse IP et l\u2019agent utilisateur de votre navigateur sont collect\u00e9s pour nous aider \u00e0 la d\u00e9tection des commentaires ind\u00e9sirables.<br \/>Une cha\u00eene anonymis\u00e9e cr\u00e9\u00e9e \u00e0 partir de votre adresse de messagerie (\u00e9galement appel\u00e9e hash) peut \u00eatre envoy\u00e9e au service Gravatar pour v\u00e9rifier si vous utilisez ce dernier. Les clauses de confidentialit\u00e9 du service Gravatar sont disponibles ici : https:\/\/automattic.com\/privacy\/. Apr\u00e8s validation de votre commentaire, votre photo de profil sera visible publiquement \u00e0 c\u00f4t\u00e9 de votre commentaire.<\/p><h6><b>Formulaires de contact<\/b><\/h6><p><b>Cookies<br \/><\/b>Si vous d\u00e9posez un commentaire sur notre site, il vous sera propos\u00e9 d\u2019enregistrer votre nom, adresse de messagerie et site web dans des cookies.<br \/>Ceci est uniquement propos\u00e9 pour votre confort afin de ne pas avoir \u00e0 saisir ces informations si vous d\u00e9posez un autre commentaire plus tard. Ces cookies expirent au bout d\u2019un an.<\/p><p>Si vous vous rendez sur la page de connexion, un cookie temporaire sera cr\u00e9\u00e9 afin de d\u00e9terminer si votre navigateur accepte les cookies. Il ne contient pas de donn\u00e9es personnelles et sera supprim\u00e9 automatiquement \u00e0 la fermeture de votre navigateur.<\/p><p><b>Contenu embarqu\u00e9 depuis d\u2019autres sites<br \/><\/b>Les articles de ce site peuvent inclure des contenus int\u00e9gr\u00e9s (vid\u00e9os, images, articles\u2026). Le contenu int\u00e9gr\u00e9 depuis d\u2019autres sites se comporte de la m\u00eame mani\u00e8re que si le visiteur se rendait sur cet autre site.<\/p><p>Ces sites web pourraient collecter des donn\u00e9es sur vous, utiliser des cookies, embarquer des outils de suivis tiers, suivre vos interactions avec ces contenus embarqu\u00e9s si vous disposez d\u2019un compte connect\u00e9 sur leur site web.<\/p><p><b>Statistiques et mesures d\u2019audience<br \/><\/b>Utilisation et transmission de vos donn\u00e9es personnelles Dur\u00e9es de stockage de vos donn\u00e9es.<br \/>Si vous laissez un commentaire, le commentaire et ses m\u00e9tadonn\u00e9es sont conserv\u00e9s ind\u00e9finiment. Cela permet de reconna\u00eetre et d\u2019approuver automatiquement les commentaires suivants au lieu de les laisser dans la file de mod\u00e9ration.<\/p><p><b>Les droits que vous avez sur vos donn\u00e9es<br \/><\/b>Si vous avez un compte ou si vous avez laiss\u00e9 des commentaires sur le site, vous pouvez demander \u00e0 recevoir un fichier contenant toutes les donn\u00e9es personnelles que nous poss\u00e9dons \u00e0 votre sujet, incluant celles que vous nous avez fournies. Vous pouvez \u00e9galement demander la suppression des donn\u00e9es personnelles vous concernant. Cela ne prend pas en compte les donn\u00e9es stock\u00e9es \u00e0 des fins administratives, l\u00e9gales ou pour des raisons de s\u00e9curit\u00e9.<\/p><p><b>Transmission de vos donn\u00e9es personnelles<br \/><\/b>Les commentaires des visiteurs peuvent \u00eatre v\u00e9rifi\u00e9s \u00e0 l\u2019aide d\u2019un service automatis\u00e9 de d\u00e9tection des commentaires ind\u00e9sirables.<\/p><p><b>Informations de contact<br \/><\/b>Les informations de contact que vous communiquerai sur ce site seront uniquement utilis\u00e9es pour vous contacter \u00e0 propos d\u2019une r\u00e9servation que vous aurez effectu\u00e9 ou \u00e0 vous proposer une offre en cours. Nous nous engageons \u00e0 ne jamais utiliser vos informations personnelles \u00e0 d\u2019autres fins.<\/p><\/div><\/div>\t\t\t\t\t\t<\/div>\n\t\t\t\t<\/div>\n\t\t\t\t\t<\/div>\n\t\t<\/div>\n\t\t\t\t\t\t\t<\/div>\n\t\t<\/section>\n\t\t\t\t\t\t\t<\/div>","protected":false},"excerpt":{"rendered":"<p>Politique De Confidentialit\u00e9 L\u2019adresse de notre site web est : https:\/\/divadufestival.com. Utilisation des donn\u00e9es personnelles collect\u00e9es Commentaires Lorsque vous laissez un commentaire sur notre site web, les donn\u00e9es inscrites dans le formulaire de commentaire, mais aussi votre adresse IP et l\u2019agent utilisateur de votre navigateur sont collect\u00e9s pour nous aider \u00e0 la d\u00e9tection des commentaires [&hellip;]<\/p>","protected":false},"author":1,"featured_media":1849,"parent":0,"menu_order":0,"comment_status":"closed","ping_status":"closed","template":"","meta":{"footnotes":""},"class_list":["post-1389","page","type-page","status-publish","has-post-thumbnail","hentry"],"yoast_head":"<!-- This site is optimized with the Yoast SEO plugin v19.9 - https:\/\/yoast.com\/wordpress\/plugins\/seo\/ -->\n<title>Politique de confidentialit\u00e9 - La Diva du Festival<\/title>\n<meta name=\"description\" content=\"Retrouvez la politique de confidentialit\u00e9 du site divadufestival.com.\" \/>\n<meta name=\"robots\" content=\"index, follow, max-snippet:-1, max-image-preview:large, max-video-preview:-1\" \/>\n<link rel=\"canonical\" href=\"https:\/\/divadufestival.com\/en\/politique-de-confidentialite\/\" \/>\n<meta property=\"og:locale\" content=\"en_GB\" \/>\n<meta property=\"og:type\" content=\"article\" \/>\n<meta property=\"og:title\" content=\"Politique de confidentialit\u00e9 - La Diva du Festival\" \/>\n<meta property=\"og:description\" content=\"Retrouvez la politique de confidentialit\u00e9 du site divadufestival.com.\" \/>\n<meta property=\"og:url\" content=\"https:\/\/divadufestival.com\/en\/politique-de-confidentialite\/\" \/>\n<meta property=\"og:site_name\" content=\"La Diva du Festival\" \/>\n<meta property=\"article:publisher\" content=\"https:\/\/www.facebook.com\/divadufestival\" \/>\n<meta property=\"article:modified_time\" content=\"2022-10-21T12:42:43+00:00\" \/>\n<meta property=\"og:image\" content=\"https:\/\/divadufestival.com\/wp-content\/uploads\/2022\/10\/la-Diva-du_festival_social.jpg\" \/>\n\t<meta property=\"og:image:width\" content=\"1280\" \/>\n\t<meta property=\"og:image:height\" content=\"853\" \/>\n\t<meta property=\"og:image:type\" content=\"image\/jpeg\" \/>\n<meta name=\"twitter:card\" content=\"summary_large_image\" \/>\n<meta name=\"twitter:title\" content=\"Politique de confidentialit\u00e9 - La Diva du Festival\" \/>\n<meta name=\"twitter:description\" content=\"Retrouvez la politique de confidentialit\u00e9 du site divadufestival.com.\" \/>\n<meta name=\"twitter:image\" content=\"https:\/\/divadufestival.com\/wp-content\/uploads\/2022\/10\/la-Diva-du_festival_social.jpg\" \/>\n<meta name=\"twitter:label1\" content=\"Estimated reading time\" \/>\n\t<meta name=\"twitter:data1\" content=\"3 minutes\" \/>\n<script type=\"application\/ld+json\" class=\"yoast-schema-graph\">{\"@context\":\"https:\/\/schema.org\",\"@graph\":[{\"@type\":\"WebPage\",\"@id\":\"https:\/\/divadufestival.com\/politique-de-confidentialite\/\",\"url\":\"https:\/\/divadufestival.com\/politique-de-confidentialite\/\",\"name\":\"Politique de confidentialit\u00e9 - La Diva du Festival\",\"isPartOf\":{\"@id\":\"https:\/\/divadufestival.com\/#website\"},\"datePublished\":\"2022-10-03T12:50:50+00:00\",\"dateModified\":\"2022-10-21T12:42:43+00:00\",\"description\":\"Retrouvez la politique de confidentialit\u00e9 du site divadufestival.com.\",\"breadcrumb\":{\"@id\":\"https:\/\/divadufestival.com\/politique-de-confidentialite\/#breadcrumb\"},\"inLanguage\":\"en-GB\",\"potentialAction\":[{\"@type\":\"ReadAction\",\"target\":[\"https:\/\/divadufestival.com\/politique-de-confidentialite\/\"]}]},{\"@type\":\"BreadcrumbList\",\"@id\":\"https:\/\/divadufestival.com\/politique-de-confidentialite\/#breadcrumb\",\"itemListElement\":[{\"@type\":\"ListItem\",\"position\":1,\"name\":\"Accueil\",\"item\":\"https:\/\/divadufestival.com\/\"},{\"@type\":\"ListItem\",\"position\":2,\"name\":\"Politique de confidentialit\u00e9\"}]},{\"@type\":\"WebSite\",\"@id\":\"https:\/\/divadufestival.com\/#website\",\"url\":\"https:\/\/divadufestival.com\/\",\"name\":\"La Diva du Festival\",\"description\":\"Logement de tourisme \u00e0 Cannes\",\"publisher\":{\"@id\":\"https:\/\/divadufestival.com\/#organization\"},\"potentialAction\":[{\"@type\":\"SearchAction\",\"target\":{\"@type\":\"EntryPoint\",\"urlTemplate\":\"https:\/\/divadufestival.com\/?s={search_term_string}\"},\"query-input\":\"required name=search_term_string\"}],\"inLanguage\":\"en-GB\"},{\"@type\":\"Organization\",\"@id\":\"https:\/\/divadufestival.com\/#organization\",\"name\":\"La Diva du Festival\",\"url\":\"https:\/\/divadufestival.com\/\",\"logo\":{\"@type\":\"ImageObject\",\"inLanguage\":\"en-GB\",\"@id\":\"https:\/\/divadufestival.com\/#\/schema\/logo\/image\/\",\"url\":\"https:\/\/divadufestival.com\/wp-content\/uploads\/2022\/10\/Diva_du_festival_social.jpg\",\"contentUrl\":\"https:\/\/divadufestival.com\/wp-content\/uploads\/2022\/10\/Diva_du_festival_social.jpg\",\"width\":1280,\"height\":853,\"caption\":\"La Diva du Festival\"},\"image\":{\"@id\":\"https:\/\/divadufestival.com\/#\/schema\/logo\/image\/\"},\"sameAs\":[\"https:\/\/www.instagram.com\/divadufestival\",\"https:\/\/www.facebook.com\/divadufestival\"]}]}<\/script>\n<!-- \/ Yoast SEO plugin. -->","yoast_head_json":{"title":"Politique de confidentialit\u00e9 - La Diva du Festival","description":"Retrouvez la politique de confidentialit\u00e9 du site divadufestival.com.","robots":{"index":"index","follow":"follow","max-snippet":"max-snippet:-1","max-image-preview":"max-image-preview:large","max-video-preview":"max-video-preview:-1"},"canonical":"https:\/\/divadufestival.com\/en\/politique-de-confidentialite\/","og_locale":"en_GB","og_type":"article","og_title":"Politique de confidentialit\u00e9 - La Diva du Festival","og_description":"Retrouvez la politique de confidentialit\u00e9 du site divadufestival.com.","og_url":"https:\/\/divadufestival.com\/en\/politique-de-confidentialite\/","og_site_name":"La Diva du Festival","article_publisher":"https:\/\/www.facebook.com\/divadufestival","article_modified_time":"2022-10-21T12:42:43+00:00","og_image":[{"width":1280,"height":853,"url":"https:\/\/divadufestival.com\/wp-content\/uploads\/2022\/10\/la-Diva-du_festival_social.jpg","type":"image\/jpeg"}],"twitter_card":"summary_large_image","twitter_title":"Politique de confidentialit\u00e9 - La Diva du Festival","twitter_description":"Retrouvez la politique de confidentialit\u00e9 du site divadufestival.com.","twitter_image":"https:\/\/divadufestival.com\/wp-content\/uploads\/2022\/10\/la-Diva-du_festival_social.jpg","twitter_misc":{"Estimated reading time":"3 minutes"},"schema":{"@context":"https:\/\/schema.org","@graph":[{"@type":"WebPage","@id":"https:\/\/divadufestival.com\/politique-de-confidentialite\/","url":"https:\/\/divadufestival.com\/politique-de-confidentialite\/","name":"Politique de confidentialit\u00e9 - La Diva du Festival","isPartOf":{"@id":"https:\/\/divadufestival.com\/#website"},"datePublished":"2022-10-03T12:50:50+00:00","dateModified":"2022-10-21T12:42:43+00:00","description":"Retrouvez la politique de confidentialit\u00e9 du site divadufestival.com.","breadcrumb":{"@id":"https:\/\/divadufestival.com\/politique-de-confidentialite\/#breadcrumb"},"inLanguage":"en-GB","potentialAction":[{"@type":"ReadAction","target":["https:\/\/divadufestival.com\/politique-de-confidentialite\/"]}]},{"@type":"BreadcrumbList","@id":"https:\/\/divadufestival.com\/politique-de-confidentialite\/#breadcrumb","itemListElement":[{"@type":"ListItem","position":1,"name":"Accueil","item":"https:\/\/divadufestival.com\/"},{"@type":"ListItem","position":2,"name":"Politique de confidentialit\u00e9"}]},{"@type":"WebSite","@id":"https:\/\/divadufestival.com\/#website","url":"https:\/\/divadufestival.com\/","name":"La Diva du Festival","description":"Logement de tourisme \u00e0 Cannes","publisher":{"@id":"https:\/\/divadufestival.com\/#organization"},"potentialAction":[{"@type":"SearchAction","target":{"@type":"EntryPoint","urlTemplate":"https:\/\/divadufestival.com\/?s={search_term_string}"},"query-input":"required name=search_term_string"}],"inLanguage":"en-GB"},{"@type":"Organization","@id":"https:\/\/divadufestival.com\/#organization","name":"La Diva du Festival","url":"https:\/\/divadufestival.com\/","logo":{"@type":"ImageObject","inLanguage":"en-GB","@id":"https:\/\/divadufestival.com\/#\/schema\/logo\/image\/","url":"https:\/\/divadufestival.com\/wp-content\/uploads\/2022\/10\/Diva_du_festival_social.jpg","contentUrl":"https:\/\/divadufestival.com\/wp-content\/uploads\/2022\/10\/Diva_du_festival_social.jpg","width":1280,"height":853,"caption":"La Diva du Festival"},"image":{"@id":"https:\/\/divadufestival.com\/#\/schema\/logo\/image\/"},"sameAs":["https:\/\/www.instagram.com\/divadufestival","https:\/\/www.facebook.com\/divadufestival"]}]}},"_links":{"self":[{"href":"https:\/\/divadufestival.com\/en\/wp-json\/wp\/v2\/pages\/1389","targetHints":{"allow":["GET"]}}],"collection":[{"href":"https:\/\/divadufestival.com\/en\/wp-json\/wp\/v2\/pages"}],"about":[{"href":"https:\/\/divadufestival.com\/en\/wp-json\/wp\/v2\/types\/page"}],"author":[{"embeddable":true,"href":"https:\/\/divadufestival.com\/en\/wp-json\/wp\/v2\/users\/1"}],"replies":[{"embeddable":true,"href":"https:\/\/divadufestival.com\/en\/wp-json\/wp\/v2\/comments?post=1389"}],"version-history":[{"count":1,"href":"https:\/\/divadufestival.com\/en\/wp-json\/wp\/v2\/pages\/1389\/revisions"}],"predecessor-version":[{"id":1833,"href":"https:\/\/divadufestival.com\/en\/wp-json\/wp\/v2\/pages\/1389\/revisions\/1833"}],"wp:featuredmedia":[{"embeddable":true,"href":"https:\/\/divadufestival.com\/en\/wp-json\/wp\/v2\/media\/1849"}],"wp:attachment":[{"href":"https:\/\/divadufestival.com\/en\/wp-json\/wp\/v2\/media?parent=1389"}],"curies":[{"name":"wp","href":"https:\/\/api.w.org\/{rel}","templated":true}]}}